{"id":59,"date":"2024-05-30T17:07:53","date_gmt":"2024-05-30T17:07:53","guid":{"rendered":"http:\/\/trucktravels.de\/?page_id=59"},"modified":"2024-09-25T11:39:57","modified_gmt":"2024-09-25T11:39:57","slug":"wir","status":"publish","type":"page","link":"https:\/\/trucktravels.de\/?page_id=59","title":{"rendered":"Wir"},"content":{"rendered":"\n<p class=\"has-small-font-size\">sind Sabine und Flo. <br>2014 waren wir zum ersten mal auf der Abenteuer Allrad in Bad Kissingen und bestaunten die vielen interessanten Fahrzeuge die da zu sehen waren.<br>Das war wie eine Initialz\u00fcndung und von da an gab es den gro\u00dfen Traum, einmal selbst mit so einem Reise-LKW unterwegs zu sein.<br>F\u00fcnfeinhalb Jahre hat es seitdem gedauert bis wir mit dem fertigen Fahrzeug eine erste kleine Jungfernfahrt machen konnten.<br>Die Infos zu diesem Projekt findest Du unter &#8222;Fahrzeug&#8220;.<\/p>\n\n\n\n<p class=\"has-small-font-size\">Seitdem sind wir so oft es geht mit unserem MAN unterwegs.<br>Da wir noch zum Teil im Arbeitsleben stehen, sind es nur vereinzelt Reisen \u00fcber mehrere Monate, manchmal Reisen \u00fcber einige Wochen und ab und zu einfach nur mal ein verl\u00e4ngertes Wochenende. Immer sind es aber f\u00fcr uns tolle Reiseabenteuer, die wir, ob lang oder kurz f\u00fcr uns genie\u00dfen und wertsch\u00e4tzen k\u00f6nnen. <br><\/p>\n\n\n\n<figure class=\"wp-block-image size-large\"><img loading=\"lazy\" decoding=\"async\" width=\"576\" height=\"1024\" src=\"http:\/\/trucktravels.de\/wp-content\/uploads\/2024\/05\/EXKD0219-576x1024.jpeg\" alt=\"\" class=\"wp-image-68\" srcset=\"https:\/\/trucktravels.de\/wp-content\/uploads\/2024\/05\/EXKD0219-576x1024.jpeg 576w, https:\/\/trucktravels.de\/wp-content\/uploads\/2024\/05\/EXKD0219-169x300.jpeg 169w, https:\/\/trucktravels.de\/wp-content\/uploads\/2024\/05\/EXKD0219-768x1366.jpeg 768w, https:\/\/trucktravels.de\/wp-content\/uploads\/2024\/05\/EXKD0219-864x1536.jpeg 864w, https:\/\/trucktravels.de\/wp-content\/uploads\/2024\/05\/EXKD0219-676x1202.jpeg 676w, https:\/\/trucktravels.de\/wp-content\/uploads\/2024\/05\/EXKD0219.jpeg 899w\" sizes=\"(max-width: 576px) 100vw, 576px\" \/><\/figure>\n","protected":false},"excerpt":{"rendered":"<p>sind Sabine und Flo. 2014 waren wir zum ersten mal auf der Abenteuer Allrad in Bad Kissingen und bestaunten die vielen interessanten Fahrzeuge die da zu sehen waren.Das war wie eine Initialz\u00fcndung und von da an gab es den gro\u00dfen Traum, einmal selbst mit so einem Reise-LKW unterwegs zu sein.F\u00fcnfeinhalb Jahre hat es seitdem gedauert [&hellip;]<\/p>\n","protected":false},"author":1,"featured_media":0,"parent":0,"menu_order":0,"comment_status":"closed","ping_status":"closed","template":"","meta":{"footnotes":""},"_links":{"self":[{"href":"https:\/\/trucktravels.de\/index.php?rest_route=\/wp\/v2\/pages\/59"}],"collection":[{"href":"https:\/\/trucktravels.de\/index.php?rest_route=\/wp\/v2\/pages"}],"about":[{"href":"https:\/\/trucktravels.de\/index.php?rest_route=\/wp\/v2\/types\/page"}],"author":[{"embeddable":true,"href":"https:\/\/trucktravels.de\/index.php?rest_route=\/wp\/v2\/users\/1"}],"replies":[{"embeddable":true,"href":"https:\/\/trucktravels.de\/index.php?rest_route=%2Fwp%2Fv2%2Fcomments&post=59"}],"version-history":[{"count":9,"href":"https:\/\/trucktravels.de\/index.php?rest_route=\/wp\/v2\/pages\/59\/revisions"}],"predecessor-version":[{"id":127,"href":"https:\/\/trucktravels.de\/index.php?rest_route=\/wp\/v2\/pages\/59\/revisions\/127"}],"wp:attachment":[{"href":"https:\/\/trucktravels.de\/index.php?rest_route=%2Fwp%2Fv2%2Fmedia&parent=59"}],"curies":[{"name":"wp","href":"https:\/\/api.w.org\/{rel}","templated":true}]}}