{"id":78,"date":"2024-05-31T09:33:01","date_gmt":"2024-05-31T09:33:01","guid":{"rendered":"http:\/\/trucktravels.de\/?page_id=78"},"modified":"2024-10-08T07:57:34","modified_gmt":"2024-10-08T07:57:34","slug":"testseite","status":"publish","type":"page","link":"http:\/\/trucktravels.de\/?page_id=78","title":{"rendered":"2020 Island"},"content":{"rendered":"\n<p class=\"has-small-font-size\">Auf dieser Seite berichten wir von unserer Islandreise&#8230;<br>(Die Seite ist noch in Arbeit)<\/p>\n\n\n\n<figure class=\"wp-block-video\"><video controls src=\"http:\/\/trucktravels.de\/wp-content\/uploads\/2024\/10\/IMG_1541-480.mov\"><\/video><\/figure>\n\n\n\n<figure class=\"wp-block-video\"><video controls src=\"http:\/\/trucktravels.de\/wp-content\/uploads\/2024\/10\/IMG_1534-480.mov\"><\/video><\/figure>\n\n\n\n<p class=\"has-background has-small-font-size\" style=\"background:linear-gradient(0deg,rgb(238,238,238) 0%,rgb(169,184,195) 100%)\">Videos zu einer unserer Hochlanddurchquerungen<\/p>\n\n\n\n<p class=\"has-background has-small-font-size\" style=\"background:linear-gradient(0deg,rgb(238,238,238) 0%,rgb(169,184,195) 100%)\">2020 hat Corona vielen Reisenden einen Strich durch die Rechnung gemacht.<br>Wir selbst hatten in dem Jahr vor, mit unserem neuen LKW erstmals auf Tour zu gehen.<br>Der Plan war, nach Schweden zu fahren, was wegen der Corona Einschr\u00e4nkungen scheiterte.<br>Gleichzeitig war aber pl\u00f6tzlich Island ohne besondere Corona-H\u00fcrden erreichbar geworden und so haben wir dann kurzfristig unsere Pl\u00e4ne ge\u00e4ndert und sind zu einer viereinhalbw\u00f6chigen Reise nach Island aufgebrochen.<\/p>\n\n\n\n<p class=\"has-small-font-size\"><\/p>\n","protected":false},"excerpt":{"rendered":"<p>Auf dieser Seite berichten wir von unserer Islandreise&#8230;(Die Seite ist noch in Arbeit) Videos zu einer unserer Hochlanddurchquerungen 2020 hat Corona vielen Reisenden einen Strich durch die Rechnung gemacht.Wir selbst hatten in dem Jahr vor, mit unserem neuen LKW erstmals auf Tour zu gehen.Der Plan war, nach Schweden zu fahren, was wegen der Corona Einschr\u00e4nkungen [&hellip;]<\/p>\n","protected":false},"author":1,"featured_media":0,"parent":0,"menu_order":0,"comment_status":"closed","ping_status":"closed","template":"","meta":{"footnotes":""},"_links":{"self":[{"href":"http:\/\/trucktravels.de\/index.php?rest_route=\/wp\/v2\/pages\/78"}],"collection":[{"href":"http:\/\/trucktravels.de\/index.php?rest_route=\/wp\/v2\/pages"}],"about":[{"href":"http:\/\/trucktravels.de\/index.php?rest_route=\/wp\/v2\/types\/page"}],"author":[{"embeddable":true,"href":"http:\/\/trucktravels.de\/index.php?rest_route=\/wp\/v2\/users\/1"}],"replies":[{"embeddable":true,"href":"http:\/\/trucktravels.de\/index.php?rest_route=%2Fwp%2Fv2%2Fcomments&post=78"}],"version-history":[{"count":10,"href":"http:\/\/trucktravels.de\/index.php?rest_route=\/wp\/v2\/pages\/78\/revisions"}],"predecessor-version":[{"id":157,"href":"http:\/\/trucktravels.de\/index.php?rest_route=\/wp\/v2\/pages\/78\/revisions\/157"}],"wp:attachment":[{"href":"http:\/\/trucktravels.de\/index.php?rest_route=%2Fwp%2Fv2%2Fmedia&parent=78"}],"curies":[{"name":"wp","href":"https:\/\/api.w.org\/{rel}","templated":true}]}}