{"id":23,"date":"2024-05-30T15:18:05","date_gmt":"2024-05-30T15:18:05","guid":{"rendered":"http:\/\/trucktravels.de\/?page_id=23"},"modified":"2024-10-08T07:21:10","modified_gmt":"2024-10-08T07:21:10","slug":"reisephilosophie","status":"publish","type":"page","link":"http:\/\/trucktravels.de\/?page_id=23","title":{"rendered":"Reisephilosophie"},"content":{"rendered":"\n<figure class=\"wp-block-image size-large\"><img loading=\"lazy\" decoding=\"async\" width=\"1024\" height=\"768\" src=\"http:\/\/trucktravels.de\/wp-content\/uploads\/2024\/05\/IMG_0981-1024x768.jpg\" alt=\"\" class=\"wp-image-91\" srcset=\"http:\/\/trucktravels.de\/wp-content\/uploads\/2024\/05\/IMG_0981-1024x768.jpg 1024w, http:\/\/trucktravels.de\/wp-content\/uploads\/2024\/05\/IMG_0981-300x225.jpg 300w, http:\/\/trucktravels.de\/wp-content\/uploads\/2024\/05\/IMG_0981-768x576.jpg 768w, http:\/\/trucktravels.de\/wp-content\/uploads\/2024\/05\/IMG_0981-1536x1152.jpg 1536w, http:\/\/trucktravels.de\/wp-content\/uploads\/2024\/05\/IMG_0981-2048x1536.jpg 2048w, http:\/\/trucktravels.de\/wp-content\/uploads\/2024\/05\/IMG_0981-676x507.jpg 676w\" sizes=\"(max-width: 1024px) 100vw, 1024px\" \/><\/figure>\n\n\n\n<p class=\"has-background has-small-font-size\" style=\"background:linear-gradient(0deg,rgb(238,238,238) 0%,rgb(169,184,195) 100%)\">Reisen ist unterwegs sein. Es ist nicht das Anreisen an einen Punkt, an diesem dann verharren und anschlie\u00dfend wieder zur\u00fcckkehren, vielmehr ist es ein Aufbruch ins nicht Bekannte und nicht Gewohnte. F\u00fcr manchen Reisenden, so auch f\u00fcr uns, ist das eine Idealvorstellung einer langen Reise, auf der es immer weiter geht und immer neue Eindr\u00fccke entstehen.<br>Gleichzeitig gibt es aber doch auch die kleine Sammlung unserer Lieblingspl\u00e4tze, die man, gerade wenn nicht die Zeit f\u00fcr lange Reisen da ist, immer wieder gerne anf\u00e4hrt, um dort ein paar sch\u00f6ne Tage zu verbringen. Allerdings gemeinsam ist diesen Reiseideen immer, das Gef\u00fchl der Autarkie zu erleben. Das Gef\u00fchl der weitestm\u00f6glichen Unabh\u00e4ngigkeit von Infrastrukturen, wie Strom- und Wasserversorgung, sanit\u00e4ren Einrichtungen, Schranken, Einfriedungen, Officezeiten und anderen Einschr\u00e4nkungen. <br>Sicherlich m\u00fcssen auch wir mal Diesel tanken. Aber dank gro\u00dfer Kapazit\u00e4ten f\u00fcr Treibstoff und Wasser k\u00f6nnen wir mit sehr gro\u00dfen Versorgungsintervallen unterwegs sein. Eine Trockentrenntoilette macht uns unabh\u00e4ngig von Entsorgungsstationen. <br>Die Freiheit zu haben, an einem Platz frei und unabh\u00e4ngig zu stehen, vor allem dann, wenn er besonders sch\u00f6n ist, ist etwas unvergleichliches.<br>Diese Freiheit f\u00fcr sich in Anspruch zu nehmen, bedeutet aber meiner Meinung nach auch, sich an eine Art Kodex zu halten, den sich so mancher Reisende oder frei Stehende gerne zu eigen machen d\u00fcrfte.<br>Allem voran steht die Vermeidung der Einschr\u00e4nkung anderer durch die Freiheit, die ich mir nehme. Schon beim Anschein, da\u00df sich andere durch meinen Aufenthalt in ihrem Umfeld gest\u00f6rt f\u00fchlen, ist grunds\u00e4tzlich R\u00fcckzug angesagt.<br>Nie prominent stehen, sondern am Rand, in Deckung gehen, so unauff\u00e4llig wie m\u00f6glich.<br>Keine Festbeleuchtung und kein L\u00e4rm; Wie mancher auf die Idee kommt, an einem sch\u00f6nen Platz in der Natur laut Musik zu h\u00f6ren, wird mir immer ein R\u00e4tsel bleiben.<br>Genauso wie die &#8222;Eroberung&#8220; eines Platzes, die aber ein vorheriges Auslichten einer Zufahrtsschneise mit der Kettens\u00e4ge erforderte. <br>Ein Feuer ist nat\u00fcrlich die Kr\u00f6nung, aber wieso kann da nicht ein ganz kleines und unauff\u00e4lliges Feuer gen\u00fcgen? Oft werden Freudenfeuer angez\u00fcndet, da\u00df einem Angst wird. In der Fr\u00fch qualmen die dicken St\u00e4mme immer noch und die Scherben und Dosen der n\u00e4chtlichen Bierseligkeit liegen in der Asche.<br>Es w\u00fcrde uns Freiheitsliebenden gut anstehen, allen Dreck, den wir mitbringen und seien es die winzigsten (und f\u00fcr Tiere oft gef\u00e4hrlichen) Abfallpartikel, wieder mitzunehmen und nicht die geringste Spur unserer zeitweiligen Anwesenheit zu hinterlassen, au\u00dfer vielleicht den einen oder anderen Reifenabdruck. Im \u00fcbrigen w\u00fcrde sich niemand was abbrechen, auch mal hin und wieder den Abfall anderer einzusammeln und mitzunehmen und den Ort besser zu hinterlassen, als er war.<br>Den Platz \u00fcber mehrere Tage zu belegen sollte m\u00f6glichst vermieden werden, da es ja eigentlich nur ums \u00dcbernachten geht. Zu lange und zu dichte Anwesenheit f\u00fchrt gerne zum endg\u00fcltigen Aus solcher Stellen.<br>Umsicht und R\u00fccksicht auf meine gesamte Umgebung, Menschen, Tiere, Pflanzen, Boden, sind kurz gefa\u00dft eigentlich die Grundbedingung f\u00fcr ein freies Stehen.<br><\/p>\n","protected":false},"excerpt":{"rendered":"<p>Reisen ist unterwegs sein. Es ist nicht das Anreisen an einen Punkt, an diesem dann verharren und anschlie\u00dfend wieder zur\u00fcckkehren, vielmehr ist es ein Aufbruch ins nicht Bekannte und nicht Gewohnte. F\u00fcr manchen Reisenden, so auch f\u00fcr uns, ist das eine Idealvorstellung einer langen Reise, auf der es immer weiter geht und immer neue Eindr\u00fccke [&hellip;]<\/p>\n","protected":false},"author":1,"featured_media":0,"parent":0,"menu_order":0,"comment_status":"closed","ping_status":"closed","template":"","meta":{"footnotes":""},"_links":{"self":[{"href":"http:\/\/trucktravels.de\/index.php?rest_route=\/wp\/v2\/pages\/23"}],"collection":[{"href":"http:\/\/trucktravels.de\/index.php?rest_route=\/wp\/v2\/pages"}],"about":[{"href":"http:\/\/trucktravels.de\/index.php?rest_route=\/wp\/v2\/types\/page"}],"author":[{"embeddable":true,"href":"http:\/\/trucktravels.de\/index.php?rest_route=\/wp\/v2\/users\/1"}],"replies":[{"embeddable":true,"href":"http:\/\/trucktravels.de\/index.php?rest_route=%2Fwp%2Fv2%2Fcomments&post=23"}],"version-history":[{"count":8,"href":"http:\/\/trucktravels.de\/index.php?rest_route=\/wp\/v2\/pages\/23\/revisions"}],"predecessor-version":[{"id":152,"href":"http:\/\/trucktravels.de\/index.php?rest_route=\/wp\/v2\/pages\/23\/revisions\/152"}],"wp:attachment":[{"href":"http:\/\/trucktravels.de\/index.php?rest_route=%2Fwp%2Fv2%2Fmedia&parent=23"}],"curies":[{"name":"wp","href":"https:\/\/api.w.org\/{rel}","templated":true}]}}