{"id":22,"date":"2024-05-30T15:18:05","date_gmt":"2024-05-30T15:18:05","guid":{"rendered":"http:\/\/trucktravels.de\/?page_id=22"},"modified":"2024-10-06T14:29:32","modified_gmt":"2024-10-06T14:29:32","slug":"fahrzeug","status":"publish","type":"page","link":"http:\/\/trucktravels.de\/?page_id=22","title":{"rendered":"Fahrzeug"},"content":{"rendered":"\n<p class=\"has-small-font-size\">Auf dieser Seite beschreiben wir die Gesamtkonzeption des Fahrzeugs und den Entstehungsproze\u00df.<br>(die Seite ist noch in Arbeit)<\/p>\n\n\n\n<figure class=\"wp-block-image size-large\"><img loading=\"lazy\" decoding=\"async\" width=\"1024\" height=\"768\" src=\"http:\/\/trucktravels.de\/wp-content\/uploads\/2024\/07\/IMG_2633-1024x768.jpeg\" alt=\"\" class=\"wp-image-95\" srcset=\"http:\/\/trucktravels.de\/wp-content\/uploads\/2024\/07\/IMG_2633-1024x768.jpeg 1024w, http:\/\/trucktravels.de\/wp-content\/uploads\/2024\/07\/IMG_2633-300x225.jpeg 300w, http:\/\/trucktravels.de\/wp-content\/uploads\/2024\/07\/IMG_2633-768x576.jpeg 768w, http:\/\/trucktravels.de\/wp-content\/uploads\/2024\/07\/IMG_2633-1536x1152.jpeg 1536w, http:\/\/trucktravels.de\/wp-content\/uploads\/2024\/07\/IMG_2633-2048x1536.jpeg 2048w, http:\/\/trucktravels.de\/wp-content\/uploads\/2024\/07\/IMG_2633-676x507.jpeg 676w\" sizes=\"(max-width: 1024px) 100vw, 1024px\" \/><\/figure>\n\n\n\n<p class=\"has-background has-small-font-size\" style=\"background:linear-gradient(0deg,rgb(238,238,238) 0%,rgb(169,184,195) 100%)\">Kauf des neuen Fahrgestells, MAN TGM 13.290 BB 4&#215;4<br>Das Fahrzeug stand mit Vollausstattung und der werksseitigen 14.00 R 20 Bereifung bei einem H\u00e4ndler und nach einer Probefahrt war`s um uns geschehen und wir haben JA gesagt.<br><br><\/p>\n\n\n\n<figure class=\"wp-block-image size-large\"><img loading=\"lazy\" decoding=\"async\" width=\"1024\" height=\"768\" src=\"http:\/\/trucktravels.de\/wp-content\/uploads\/2024\/07\/IMG_4380-1024x768.jpeg\" alt=\"\" class=\"wp-image-96\" srcset=\"http:\/\/trucktravels.de\/wp-content\/uploads\/2024\/07\/IMG_4380-1024x768.jpeg 1024w, http:\/\/trucktravels.de\/wp-content\/uploads\/2024\/07\/IMG_4380-300x225.jpeg 300w, http:\/\/trucktravels.de\/wp-content\/uploads\/2024\/07\/IMG_4380-768x576.jpeg 768w, http:\/\/trucktravels.de\/wp-content\/uploads\/2024\/07\/IMG_4380-1536x1152.jpeg 1536w, http:\/\/trucktravels.de\/wp-content\/uploads\/2024\/07\/IMG_4380-2048x1536.jpeg 2048w, http:\/\/trucktravels.de\/wp-content\/uploads\/2024\/07\/IMG_4380-676x507.jpeg 676w\" sizes=\"(max-width: 1024px) 100vw, 1024px\" \/><\/figure>\n\n\n\n<p class=\"has-background has-small-font-size\" style=\"background:linear-gradient(0deg,rgb(238,238,238) 0%,rgb(169,184,195) 100%)\">Ballastierung f\u00fcr einen Verschr\u00e4nkungstest bei unserem Fahrzeugbauer<br><br><\/p>\n\n\n\n<figure class=\"wp-block-image size-large\"><img loading=\"lazy\" decoding=\"async\" width=\"1024\" height=\"768\" src=\"http:\/\/trucktravels.de\/wp-content\/uploads\/2024\/07\/IMG_6597-1024x768.jpeg\" alt=\"\" class=\"wp-image-97\" srcset=\"http:\/\/trucktravels.de\/wp-content\/uploads\/2024\/07\/IMG_6597-1024x768.jpeg 1024w, http:\/\/trucktravels.de\/wp-content\/uploads\/2024\/07\/IMG_6597-300x225.jpeg 300w, http:\/\/trucktravels.de\/wp-content\/uploads\/2024\/07\/IMG_6597-768x576.jpeg 768w, http:\/\/trucktravels.de\/wp-content\/uploads\/2024\/07\/IMG_6597-1536x1152.jpeg 1536w, http:\/\/trucktravels.de\/wp-content\/uploads\/2024\/07\/IMG_6597-2048x1536.jpeg 2048w, http:\/\/trucktravels.de\/wp-content\/uploads\/2024\/07\/IMG_6597-676x507.jpeg 676w\" sizes=\"(max-width: 1024px) 100vw, 1024px\" \/><\/figure>\n\n\n\n<p class=\"has-background has-small-font-size\" style=\"background:linear-gradient(0deg,rgb(238,238,238) 0%,rgb(169,184,195) 100%)\">Lagerung der sp\u00e4teren Kabine auf dem Fahrzeugrahmen<br>Zu diesem Thema gibt es unterschiedliche Konzepte und noch mehr unterschiedliche Meinungen. Wir haben uns f\u00fcr eine sogenannte Rautenlagerung entschieden, bestehend also aus zwei mittigen Lagerpunkten vorne und hinten und zwei seitlichen Lagerpunkten etwa in Kabinenmitte. Diese Art der Lagerung erlaubt eine zuverl\u00e4ssige Entkopplung der Torsion des Fahrzeugrahmens von der Kabine und hat zwei wichtige positive Effekte:<br>Die Kabine bleibt spannungsfrei<br>Die Verschr\u00e4nkungsf\u00e4higkeit und somit Traktion des Fahrzeugs wird bestm\u00f6glich ausgenutzt<br><br><\/p>\n\n\n\n<figure class=\"wp-block-image size-large\"><img loading=\"lazy\" decoding=\"async\" width=\"1024\" height=\"768\" src=\"http:\/\/trucktravels.de\/wp-content\/uploads\/2024\/07\/IMG_6730-1024x768.jpeg\" alt=\"\" class=\"wp-image-98\" srcset=\"http:\/\/trucktravels.de\/wp-content\/uploads\/2024\/07\/IMG_6730-1024x768.jpeg 1024w, http:\/\/trucktravels.de\/wp-content\/uploads\/2024\/07\/IMG_6730-300x225.jpeg 300w, http:\/\/trucktravels.de\/wp-content\/uploads\/2024\/07\/IMG_6730-768x576.jpeg 768w, http:\/\/trucktravels.de\/wp-content\/uploads\/2024\/07\/IMG_6730-1536x1152.jpeg 1536w, http:\/\/trucktravels.de\/wp-content\/uploads\/2024\/07\/IMG_6730-2048x1536.jpeg 2048w, http:\/\/trucktravels.de\/wp-content\/uploads\/2024\/07\/IMG_6730-676x507.jpeg 676w\" sizes=\"(max-width: 1024px) 100vw, 1024px\" \/><\/figure>\n\n\n\n<p class=\"has-background has-small-font-size\" style=\"background:linear-gradient(0deg,rgb(238,238,238) 0%,rgb(169,184,195) 100%)\">Die Kabine, vom Hersteller in Teilen angeliefert und von Fahrzeugbauer zusammengebaut.<br>Hier noch unlackiert im Rohzustand, bestehend aus Sandwichpaneelen von innen nach au\u00dfen:<br>2mm GFK, 6mm Sperrholz, 49mm PUR D\u00e4mmplatte, 3mm GFK, alle Ecken und Kanten K\u00e4ltebr\u00fcckenfrei, Kantenschutz mit Aluprofilen.<br>Die Kabine wurde von mir in allen Details geplant und dem Hersteller vorgegeben, von Lage der \u00d6ffnungen, Art der Bodenkonstruktion, Aufbau der einzelnen Schichten des Sandwichpaneels, bis zur Art der Scharniere und Schl\u00f6sser.<br><br><\/p>\n\n\n\n<figure class=\"wp-block-image size-large\"><img loading=\"lazy\" decoding=\"async\" width=\"1024\" height=\"768\" src=\"http:\/\/trucktravels.de\/wp-content\/uploads\/2024\/07\/IMG_7169-1024x768.jpeg\" alt=\"\" class=\"wp-image-99\" srcset=\"http:\/\/trucktravels.de\/wp-content\/uploads\/2024\/07\/IMG_7169-1024x768.jpeg 1024w, http:\/\/trucktravels.de\/wp-content\/uploads\/2024\/07\/IMG_7169-300x225.jpeg 300w, http:\/\/trucktravels.de\/wp-content\/uploads\/2024\/07\/IMG_7169-768x576.jpeg 768w, http:\/\/trucktravels.de\/wp-content\/uploads\/2024\/07\/IMG_7169-1536x1152.jpeg 1536w, http:\/\/trucktravels.de\/wp-content\/uploads\/2024\/07\/IMG_7169-2048x1536.jpeg 2048w, http:\/\/trucktravels.de\/wp-content\/uploads\/2024\/07\/IMG_7169-676x507.jpeg 676w\" sizes=\"(max-width: 1024px) 100vw, 1024px\" \/><\/figure>\n\n\n\n<p class=\"has-background has-small-font-size\" style=\"background:linear-gradient(0deg,rgb(238,238,238) 0%,rgb(169,184,195) 100%)\">Inzwischen wurde die fertig lackierte Kabine an die Schreinerei geliefert. Nach dem Abladen von einem Anh\u00e4nger haben wir Sie auf Rundh\u00f6lzern in einen Nebenraum der Schreinerei bugsiert, um dort den Innenausbau zu machen.<br><br><\/p>\n\n\n\n<figure class=\"wp-block-image size-large\"><img loading=\"lazy\" decoding=\"async\" width=\"1024\" height=\"768\" src=\"http:\/\/trucktravels.de\/wp-content\/uploads\/2024\/07\/IMG_7203-1024x768.jpeg\" alt=\"\" class=\"wp-image-100\" srcset=\"http:\/\/trucktravels.de\/wp-content\/uploads\/2024\/07\/IMG_7203-1024x768.jpeg 1024w, http:\/\/trucktravels.de\/wp-content\/uploads\/2024\/07\/IMG_7203-300x225.jpeg 300w, http:\/\/trucktravels.de\/wp-content\/uploads\/2024\/07\/IMG_7203-768x576.jpeg 768w, http:\/\/trucktravels.de\/wp-content\/uploads\/2024\/07\/IMG_7203-1536x1152.jpeg 1536w, http:\/\/trucktravels.de\/wp-content\/uploads\/2024\/07\/IMG_7203-2048x1536.jpeg 2048w, http:\/\/trucktravels.de\/wp-content\/uploads\/2024\/07\/IMG_7203-676x507.jpeg 676w\" sizes=\"(max-width: 1024px) 100vw, 1024px\" \/><\/figure>\n\n\n\n<figure class=\"wp-block-image size-large\"><img loading=\"lazy\" decoding=\"async\" width=\"1024\" height=\"768\" src=\"http:\/\/trucktravels.de\/wp-content\/uploads\/2024\/07\/IMG_7236-1024x768.jpeg\" alt=\"\" class=\"wp-image-101\" srcset=\"http:\/\/trucktravels.de\/wp-content\/uploads\/2024\/07\/IMG_7236-1024x768.jpeg 1024w, http:\/\/trucktravels.de\/wp-content\/uploads\/2024\/07\/IMG_7236-300x225.jpeg 300w, http:\/\/trucktravels.de\/wp-content\/uploads\/2024\/07\/IMG_7236-768x576.jpeg 768w, http:\/\/trucktravels.de\/wp-content\/uploads\/2024\/07\/IMG_7236-1536x1152.jpeg 1536w, http:\/\/trucktravels.de\/wp-content\/uploads\/2024\/07\/IMG_7236-2048x1536.jpeg 2048w, http:\/\/trucktravels.de\/wp-content\/uploads\/2024\/07\/IMG_7236-676x507.jpeg 676w\" sizes=\"(max-width: 1024px) 100vw, 1024px\" \/><\/figure>\n\n\n\n<figure class=\"wp-block-image size-large\"><img loading=\"lazy\" decoding=\"async\" width=\"1024\" height=\"768\" src=\"http:\/\/trucktravels.de\/wp-content\/uploads\/2024\/07\/IMG_7251-1024x768.jpeg\" alt=\"\" class=\"wp-image-102\" srcset=\"http:\/\/trucktravels.de\/wp-content\/uploads\/2024\/07\/IMG_7251-1024x768.jpeg 1024w, http:\/\/trucktravels.de\/wp-content\/uploads\/2024\/07\/IMG_7251-300x225.jpeg 300w, http:\/\/trucktravels.de\/wp-content\/uploads\/2024\/07\/IMG_7251-768x576.jpeg 768w, http:\/\/trucktravels.de\/wp-content\/uploads\/2024\/07\/IMG_7251-1536x1152.jpeg 1536w, http:\/\/trucktravels.de\/wp-content\/uploads\/2024\/07\/IMG_7251-2048x1536.jpeg 2048w, http:\/\/trucktravels.de\/wp-content\/uploads\/2024\/07\/IMG_7251-676x507.jpeg 676w\" sizes=\"(max-width: 1024px) 100vw, 1024px\" \/><\/figure>\n\n\n\n<figure class=\"wp-block-image size-large\"><img loading=\"lazy\" decoding=\"async\" width=\"1024\" height=\"768\" src=\"http:\/\/trucktravels.de\/wp-content\/uploads\/2024\/07\/IMG_7331-1024x768.jpeg\" alt=\"\" class=\"wp-image-103\" srcset=\"http:\/\/trucktravels.de\/wp-content\/uploads\/2024\/07\/IMG_7331-1024x768.jpeg 1024w, http:\/\/trucktravels.de\/wp-content\/uploads\/2024\/07\/IMG_7331-300x225.jpeg 300w, http:\/\/trucktravels.de\/wp-content\/uploads\/2024\/07\/IMG_7331-768x576.jpeg 768w, http:\/\/trucktravels.de\/wp-content\/uploads\/2024\/07\/IMG_7331-1536x1152.jpeg 1536w, http:\/\/trucktravels.de\/wp-content\/uploads\/2024\/07\/IMG_7331-2048x1536.jpeg 2048w, http:\/\/trucktravels.de\/wp-content\/uploads\/2024\/07\/IMG_7331-676x507.jpeg 676w\" sizes=\"(max-width: 1024px) 100vw, 1024px\" \/><\/figure>\n\n\n\n<figure class=\"wp-block-image size-large\"><img loading=\"lazy\" decoding=\"async\" width=\"768\" height=\"1024\" src=\"http:\/\/trucktravels.de\/wp-content\/uploads\/2024\/07\/IMG_7332-768x1024.jpeg\" alt=\"\" class=\"wp-image-104\" srcset=\"http:\/\/trucktravels.de\/wp-content\/uploads\/2024\/07\/IMG_7332-768x1024.jpeg 768w, http:\/\/trucktravels.de\/wp-content\/uploads\/2024\/07\/IMG_7332-225x300.jpeg 225w, http:\/\/trucktravels.de\/wp-content\/uploads\/2024\/07\/IMG_7332-1152x1536.jpeg 1152w, http:\/\/trucktravels.de\/wp-content\/uploads\/2024\/07\/IMG_7332-1536x2048.jpeg 1536w, http:\/\/trucktravels.de\/wp-content\/uploads\/2024\/07\/IMG_7332-676x901.jpeg 676w, http:\/\/trucktravels.de\/wp-content\/uploads\/2024\/07\/IMG_7332-scaled.jpeg 1920w\" sizes=\"(max-width: 768px) 100vw, 768px\" \/><\/figure>\n\n\n\n<figure class=\"wp-block-image size-large\"><img loading=\"lazy\" decoding=\"async\" width=\"768\" height=\"1024\" src=\"http:\/\/trucktravels.de\/wp-content\/uploads\/2024\/07\/IMG_7446-768x1024.jpeg\" alt=\"\" class=\"wp-image-105\" srcset=\"http:\/\/trucktravels.de\/wp-content\/uploads\/2024\/07\/IMG_7446-768x1024.jpeg 768w, http:\/\/trucktravels.de\/wp-content\/uploads\/2024\/07\/IMG_7446-225x300.jpeg 225w, http:\/\/trucktravels.de\/wp-content\/uploads\/2024\/07\/IMG_7446-1152x1536.jpeg 1152w, http:\/\/trucktravels.de\/wp-content\/uploads\/2024\/07\/IMG_7446-1536x2048.jpeg 1536w, http:\/\/trucktravels.de\/wp-content\/uploads\/2024\/07\/IMG_7446-676x901.jpeg 676w, http:\/\/trucktravels.de\/wp-content\/uploads\/2024\/07\/IMG_7446-scaled.jpeg 1920w\" sizes=\"(max-width: 768px) 100vw, 768px\" \/><\/figure>\n\n\n\n<figure class=\"wp-block-image size-large\"><img loading=\"lazy\" decoding=\"async\" width=\"768\" height=\"1024\" src=\"http:\/\/trucktravels.de\/wp-content\/uploads\/2024\/07\/IMG_7426-768x1024.jpeg\" alt=\"\" class=\"wp-image-106\" srcset=\"http:\/\/trucktravels.de\/wp-content\/uploads\/2024\/07\/IMG_7426-768x1024.jpeg 768w, http:\/\/trucktravels.de\/wp-content\/uploads\/2024\/07\/IMG_7426-225x300.jpeg 225w, http:\/\/trucktravels.de\/wp-content\/uploads\/2024\/07\/IMG_7426-1152x1536.jpeg 1152w, http:\/\/trucktravels.de\/wp-content\/uploads\/2024\/07\/IMG_7426-1536x2048.jpeg 1536w, http:\/\/trucktravels.de\/wp-content\/uploads\/2024\/07\/IMG_7426-676x901.jpeg 676w, http:\/\/trucktravels.de\/wp-content\/uploads\/2024\/07\/IMG_7426-scaled.jpeg 1920w\" sizes=\"(max-width: 768px) 100vw, 768px\" \/><\/figure>\n\n\n\n<figure class=\"wp-block-image size-large\"><img loading=\"lazy\" decoding=\"async\" width=\"768\" height=\"1024\" src=\"http:\/\/trucktravels.de\/wp-content\/uploads\/2024\/07\/IMG_7437-768x1024.jpeg\" alt=\"\" class=\"wp-image-107\" srcset=\"http:\/\/trucktravels.de\/wp-content\/uploads\/2024\/07\/IMG_7437-768x1024.jpeg 768w, http:\/\/trucktravels.de\/wp-content\/uploads\/2024\/07\/IMG_7437-225x300.jpeg 225w, http:\/\/trucktravels.de\/wp-content\/uploads\/2024\/07\/IMG_7437-1152x1536.jpeg 1152w, http:\/\/trucktravels.de\/wp-content\/uploads\/2024\/07\/IMG_7437-1536x2048.jpeg 1536w, http:\/\/trucktravels.de\/wp-content\/uploads\/2024\/07\/IMG_7437-676x901.jpeg 676w, http:\/\/trucktravels.de\/wp-content\/uploads\/2024\/07\/IMG_7437-scaled.jpeg 1920w\" sizes=\"(max-width: 768px) 100vw, 768px\" \/><\/figure>\n\n\n\n<figure class=\"wp-block-image size-large\"><img loading=\"lazy\" decoding=\"async\" width=\"768\" height=\"1024\" src=\"http:\/\/trucktravels.de\/wp-content\/uploads\/2024\/07\/IMG_7394-768x1024.jpeg\" alt=\"\" class=\"wp-image-108\" srcset=\"http:\/\/trucktravels.de\/wp-content\/uploads\/2024\/07\/IMG_7394-768x1024.jpeg 768w, http:\/\/trucktravels.de\/wp-content\/uploads\/2024\/07\/IMG_7394-225x300.jpeg 225w, http:\/\/trucktravels.de\/wp-content\/uploads\/2024\/07\/IMG_7394-1152x1536.jpeg 1152w, http:\/\/trucktravels.de\/wp-content\/uploads\/2024\/07\/IMG_7394-1536x2048.jpeg 1536w, http:\/\/trucktravels.de\/wp-content\/uploads\/2024\/07\/IMG_7394-676x901.jpeg 676w, http:\/\/trucktravels.de\/wp-content\/uploads\/2024\/07\/IMG_7394-scaled.jpeg 1920w\" sizes=\"(max-width: 768px) 100vw, 768px\" \/><\/figure>\n\n\n\n<figure class=\"wp-block-image size-large\"><img loading=\"lazy\" decoding=\"async\" width=\"768\" height=\"1024\" src=\"http:\/\/trucktravels.de\/wp-content\/uploads\/2024\/07\/IMG_7400-768x1024.jpeg\" alt=\"\" class=\"wp-image-109\" srcset=\"http:\/\/trucktravels.de\/wp-content\/uploads\/2024\/07\/IMG_7400-768x1024.jpeg 768w, http:\/\/trucktravels.de\/wp-content\/uploads\/2024\/07\/IMG_7400-225x300.jpeg 225w, http:\/\/trucktravels.de\/wp-content\/uploads\/2024\/07\/IMG_7400-1152x1536.jpeg 1152w, http:\/\/trucktravels.de\/wp-content\/uploads\/2024\/07\/IMG_7400-1536x2048.jpeg 1536w, http:\/\/trucktravels.de\/wp-content\/uploads\/2024\/07\/IMG_7400-676x901.jpeg 676w, http:\/\/trucktravels.de\/wp-content\/uploads\/2024\/07\/IMG_7400-scaled.jpeg 1920w\" sizes=\"(max-width: 768px) 100vw, 768px\" \/><\/figure>\n\n\n\n<figure class=\"wp-block-image size-large\"><img loading=\"lazy\" decoding=\"async\" width=\"768\" height=\"1024\" src=\"http:\/\/trucktravels.de\/wp-content\/uploads\/2024\/07\/IMG_7583-768x1024.jpeg\" alt=\"\" class=\"wp-image-110\" srcset=\"http:\/\/trucktravels.de\/wp-content\/uploads\/2024\/07\/IMG_7583-768x1024.jpeg 768w, http:\/\/trucktravels.de\/wp-content\/uploads\/2024\/07\/IMG_7583-225x300.jpeg 225w, http:\/\/trucktravels.de\/wp-content\/uploads\/2024\/07\/IMG_7583-1152x1536.jpeg 1152w, http:\/\/trucktravels.de\/wp-content\/uploads\/2024\/07\/IMG_7583-1536x2048.jpeg 1536w, http:\/\/trucktravels.de\/wp-content\/uploads\/2024\/07\/IMG_7583-676x901.jpeg 676w, http:\/\/trucktravels.de\/wp-content\/uploads\/2024\/07\/IMG_7583-scaled.jpeg 1920w\" sizes=\"(max-width: 768px) 100vw, 768px\" \/><\/figure>\n\n\n\n<figure class=\"wp-block-image size-large\"><img loading=\"lazy\" decoding=\"async\" width=\"1024\" height=\"768\" src=\"http:\/\/trucktravels.de\/wp-content\/uploads\/2024\/07\/IMG_7594-1024x768.jpeg\" alt=\"\" class=\"wp-image-111\" srcset=\"http:\/\/trucktravels.de\/wp-content\/uploads\/2024\/07\/IMG_7594-1024x768.jpeg 1024w, http:\/\/trucktravels.de\/wp-content\/uploads\/2024\/07\/IMG_7594-300x225.jpeg 300w, http:\/\/trucktravels.de\/wp-content\/uploads\/2024\/07\/IMG_7594-768x576.jpeg 768w, http:\/\/trucktravels.de\/wp-content\/uploads\/2024\/07\/IMG_7594-1536x1152.jpeg 1536w, http:\/\/trucktravels.de\/wp-content\/uploads\/2024\/07\/IMG_7594-2048x1536.jpeg 2048w, http:\/\/trucktravels.de\/wp-content\/uploads\/2024\/07\/IMG_7594-676x507.jpeg 676w\" sizes=\"(max-width: 1024px) 100vw, 1024px\" \/><\/figure>\n\n\n\n<figure class=\"wp-block-image size-large\"><img loading=\"lazy\" decoding=\"async\" width=\"768\" height=\"1024\" src=\"http:\/\/trucktravels.de\/wp-content\/uploads\/2024\/07\/IMG_7575-768x1024.jpeg\" alt=\"\" class=\"wp-image-112\" srcset=\"http:\/\/trucktravels.de\/wp-content\/uploads\/2024\/07\/IMG_7575-768x1024.jpeg 768w, http:\/\/trucktravels.de\/wp-content\/uploads\/2024\/07\/IMG_7575-225x300.jpeg 225w, http:\/\/trucktravels.de\/wp-content\/uploads\/2024\/07\/IMG_7575-1152x1536.jpeg 1152w, http:\/\/trucktravels.de\/wp-content\/uploads\/2024\/07\/IMG_7575-1536x2048.jpeg 1536w, http:\/\/trucktravels.de\/wp-content\/uploads\/2024\/07\/IMG_7575-676x901.jpeg 676w, http:\/\/trucktravels.de\/wp-content\/uploads\/2024\/07\/IMG_7575-scaled.jpeg 1920w\" sizes=\"(max-width: 768px) 100vw, 768px\" \/><\/figure>\n\n\n\n<figure class=\"wp-block-image size-large\"><img loading=\"lazy\" decoding=\"async\" width=\"768\" height=\"1024\" src=\"http:\/\/trucktravels.de\/wp-content\/uploads\/2024\/07\/IMG_7941-768x1024.jpeg\" alt=\"\" class=\"wp-image-113\" srcset=\"http:\/\/trucktravels.de\/wp-content\/uploads\/2024\/07\/IMG_7941-768x1024.jpeg 768w, http:\/\/trucktravels.de\/wp-content\/uploads\/2024\/07\/IMG_7941-225x300.jpeg 225w, http:\/\/trucktravels.de\/wp-content\/uploads\/2024\/07\/IMG_7941-1152x1536.jpeg 1152w, http:\/\/trucktravels.de\/wp-content\/uploads\/2024\/07\/IMG_7941-1536x2048.jpeg 1536w, http:\/\/trucktravels.de\/wp-content\/uploads\/2024\/07\/IMG_7941-676x901.jpeg 676w, http:\/\/trucktravels.de\/wp-content\/uploads\/2024\/07\/IMG_7941-scaled.jpeg 1920w\" sizes=\"(max-width: 768px) 100vw, 768px\" \/><\/figure>\n\n\n\n<figure class=\"wp-block-image size-large\"><img loading=\"lazy\" decoding=\"async\" width=\"768\" height=\"1024\" src=\"http:\/\/trucktravels.de\/wp-content\/uploads\/2024\/07\/IMG_7942-768x1024.jpeg\" alt=\"\" class=\"wp-image-114\" srcset=\"http:\/\/trucktravels.de\/wp-content\/uploads\/2024\/07\/IMG_7942-768x1024.jpeg 768w, http:\/\/trucktravels.de\/wp-content\/uploads\/2024\/07\/IMG_7942-225x300.jpeg 225w, http:\/\/trucktravels.de\/wp-content\/uploads\/2024\/07\/IMG_7942-1152x1536.jpeg 1152w, http:\/\/trucktravels.de\/wp-content\/uploads\/2024\/07\/IMG_7942-1536x2048.jpeg 1536w, http:\/\/trucktravels.de\/wp-content\/uploads\/2024\/07\/IMG_7942-676x901.jpeg 676w, http:\/\/trucktravels.de\/wp-content\/uploads\/2024\/07\/IMG_7942-scaled.jpeg 1920w\" sizes=\"(max-width: 768px) 100vw, 768px\" \/><\/figure>\n\n\n\n<figure class=\"wp-block-image size-large\"><img loading=\"lazy\" decoding=\"async\" width=\"768\" height=\"1024\" src=\"http:\/\/trucktravels.de\/wp-content\/uploads\/2024\/07\/IMG_7946-768x1024.jpeg\" alt=\"\" class=\"wp-image-115\" srcset=\"http:\/\/trucktravels.de\/wp-content\/uploads\/2024\/07\/IMG_7946-768x1024.jpeg 768w, http:\/\/trucktravels.de\/wp-content\/uploads\/2024\/07\/IMG_7946-225x300.jpeg 225w, http:\/\/trucktravels.de\/wp-content\/uploads\/2024\/07\/IMG_7946-1152x1536.jpeg 1152w, http:\/\/trucktravels.de\/wp-content\/uploads\/2024\/07\/IMG_7946-1536x2048.jpeg 1536w, http:\/\/trucktravels.de\/wp-content\/uploads\/2024\/07\/IMG_7946-676x901.jpeg 676w, http:\/\/trucktravels.de\/wp-content\/uploads\/2024\/07\/IMG_7946-scaled.jpeg 1920w\" sizes=\"(max-width: 768px) 100vw, 768px\" \/><\/figure>\n\n\n\n<figure class=\"wp-block-image size-large\"><img loading=\"lazy\" decoding=\"async\" width=\"768\" height=\"1024\" src=\"http:\/\/trucktravels.de\/wp-content\/uploads\/2024\/07\/IMG_7953-768x1024.jpeg\" alt=\"\" class=\"wp-image-116\" srcset=\"http:\/\/trucktravels.de\/wp-content\/uploads\/2024\/07\/IMG_7953-768x1024.jpeg 768w, http:\/\/trucktravels.de\/wp-content\/uploads\/2024\/07\/IMG_7953-225x300.jpeg 225w, http:\/\/trucktravels.de\/wp-content\/uploads\/2024\/07\/IMG_7953-1152x1536.jpeg 1152w, http:\/\/trucktravels.de\/wp-content\/uploads\/2024\/07\/IMG_7953-1536x2048.jpeg 1536w, http:\/\/trucktravels.de\/wp-content\/uploads\/2024\/07\/IMG_7953-676x901.jpeg 676w, http:\/\/trucktravels.de\/wp-content\/uploads\/2024\/07\/IMG_7953-scaled.jpeg 1920w\" sizes=\"(max-width: 768px) 100vw, 768px\" \/><\/figure>\n\n\n\n<figure class=\"wp-block-image size-large\"><img loading=\"lazy\" decoding=\"async\" width=\"768\" height=\"1024\" src=\"http:\/\/trucktravels.de\/wp-content\/uploads\/2024\/07\/IMG_7955-768x1024.jpeg\" alt=\"\" class=\"wp-image-117\" srcset=\"http:\/\/trucktravels.de\/wp-content\/uploads\/2024\/07\/IMG_7955-768x1024.jpeg 768w, http:\/\/trucktravels.de\/wp-content\/uploads\/2024\/07\/IMG_7955-225x300.jpeg 225w, http:\/\/trucktravels.de\/wp-content\/uploads\/2024\/07\/IMG_7955-1152x1536.jpeg 1152w, http:\/\/trucktravels.de\/wp-content\/uploads\/2024\/07\/IMG_7955-1536x2048.jpeg 1536w, http:\/\/trucktravels.de\/wp-content\/uploads\/2024\/07\/IMG_7955-676x901.jpeg 676w, http:\/\/trucktravels.de\/wp-content\/uploads\/2024\/07\/IMG_7955-scaled.jpeg 1920w\" sizes=\"(max-width: 768px) 100vw, 768px\" \/><\/figure>\n\n\n\n<figure class=\"wp-block-image size-large\"><img loading=\"lazy\" decoding=\"async\" width=\"768\" height=\"1024\" src=\"http:\/\/trucktravels.de\/wp-content\/uploads\/2024\/07\/IMG_7701-768x1024.jpeg\" alt=\"\" class=\"wp-image-118\" srcset=\"http:\/\/trucktravels.de\/wp-content\/uploads\/2024\/07\/IMG_7701-768x1024.jpeg 768w, http:\/\/trucktravels.de\/wp-content\/uploads\/2024\/07\/IMG_7701-225x300.jpeg 225w, http:\/\/trucktravels.de\/wp-content\/uploads\/2024\/07\/IMG_7701-1152x1536.jpeg 1152w, http:\/\/trucktravels.de\/wp-content\/uploads\/2024\/07\/IMG_7701-1536x2048.jpeg 1536w, http:\/\/trucktravels.de\/wp-content\/uploads\/2024\/07\/IMG_7701-676x901.jpeg 676w, http:\/\/trucktravels.de\/wp-content\/uploads\/2024\/07\/IMG_7701-scaled.jpeg 1920w\" sizes=\"(max-width: 768px) 100vw, 768px\" \/><\/figure>\n\n\n\n<figure class=\"wp-block-image size-large\"><img loading=\"lazy\" decoding=\"async\" width=\"1024\" height=\"768\" src=\"http:\/\/trucktravels.de\/wp-content\/uploads\/2024\/07\/IMG_7860-1024x768.jpeg\" alt=\"\" class=\"wp-image-119\" srcset=\"http:\/\/trucktravels.de\/wp-content\/uploads\/2024\/07\/IMG_7860-1024x768.jpeg 1024w, http:\/\/trucktravels.de\/wp-content\/uploads\/2024\/07\/IMG_7860-300x225.jpeg 300w, http:\/\/trucktravels.de\/wp-content\/uploads\/2024\/07\/IMG_7860-768x576.jpeg 768w, http:\/\/trucktravels.de\/wp-content\/uploads\/2024\/07\/IMG_7860-1536x1152.jpeg 1536w, http:\/\/trucktravels.de\/wp-content\/uploads\/2024\/07\/IMG_7860-2048x1536.jpeg 2048w, http:\/\/trucktravels.de\/wp-content\/uploads\/2024\/07\/IMG_7860-676x507.jpeg 676w\" sizes=\"(max-width: 1024px) 100vw, 1024px\" \/><\/figure>\n\n\n\n<figure class=\"wp-block-image size-large\"><img loading=\"lazy\" decoding=\"async\" width=\"768\" height=\"1024\" src=\"http:\/\/trucktravels.de\/wp-content\/uploads\/2024\/07\/IMG_8023-768x1024.jpeg\" alt=\"\" class=\"wp-image-123\" srcset=\"http:\/\/trucktravels.de\/wp-content\/uploads\/2024\/07\/IMG_8023-768x1024.jpeg 768w, http:\/\/trucktravels.de\/wp-content\/uploads\/2024\/07\/IMG_8023-225x300.jpeg 225w, http:\/\/trucktravels.de\/wp-content\/uploads\/2024\/07\/IMG_8023-1152x1536.jpeg 1152w, http:\/\/trucktravels.de\/wp-content\/uploads\/2024\/07\/IMG_8023-1536x2048.jpeg 1536w, http:\/\/trucktravels.de\/wp-content\/uploads\/2024\/07\/IMG_8023-676x901.jpeg 676w, http:\/\/trucktravels.de\/wp-content\/uploads\/2024\/07\/IMG_8023-scaled.jpeg 1920w\" sizes=\"(max-width: 768px) 100vw, 768px\" \/><\/figure>\n\n\n\n<figure class=\"wp-block-image size-large\"><img loading=\"lazy\" decoding=\"async\" width=\"1024\" height=\"768\" src=\"http:\/\/trucktravels.de\/wp-content\/uploads\/2024\/07\/IMG_8075-1024x768.jpeg\" alt=\"\" class=\"wp-image-120\" srcset=\"http:\/\/trucktravels.de\/wp-content\/uploads\/2024\/07\/IMG_8075-1024x768.jpeg 1024w, http:\/\/trucktravels.de\/wp-content\/uploads\/2024\/07\/IMG_8075-300x225.jpeg 300w, http:\/\/trucktravels.de\/wp-content\/uploads\/2024\/07\/IMG_8075-768x576.jpeg 768w, http:\/\/trucktravels.de\/wp-content\/uploads\/2024\/07\/IMG_8075-1536x1152.jpeg 1536w, http:\/\/trucktravels.de\/wp-content\/uploads\/2024\/07\/IMG_8075-2048x1536.jpeg 2048w, http:\/\/trucktravels.de\/wp-content\/uploads\/2024\/07\/IMG_8075-676x507.jpeg 676w\" sizes=\"(max-width: 1024px) 100vw, 1024px\" \/><\/figure>\n\n\n\n<figure class=\"wp-block-image size-large\"><img loading=\"lazy\" decoding=\"async\" width=\"1024\" height=\"768\" src=\"http:\/\/trucktravels.de\/wp-content\/uploads\/2024\/07\/IMG_8082-1024x768.jpeg\" alt=\"\" class=\"wp-image-121\" srcset=\"http:\/\/trucktravels.de\/wp-content\/uploads\/2024\/07\/IMG_8082-1024x768.jpeg 1024w, http:\/\/trucktravels.de\/wp-content\/uploads\/2024\/07\/IMG_8082-300x225.jpeg 300w, http:\/\/trucktravels.de\/wp-content\/uploads\/2024\/07\/IMG_8082-768x576.jpeg 768w, http:\/\/trucktravels.de\/wp-content\/uploads\/2024\/07\/IMG_8082-1536x1152.jpeg 1536w, http:\/\/trucktravels.de\/wp-content\/uploads\/2024\/07\/IMG_8082-2048x1536.jpeg 2048w, http:\/\/trucktravels.de\/wp-content\/uploads\/2024\/07\/IMG_8082-676x507.jpeg 676w\" sizes=\"(max-width: 1024px) 100vw, 1024px\" \/><\/figure>\n\n\n","protected":false},"excerpt":{"rendered":"<p>Auf dieser Seite beschreiben wir die Gesamtkonzeption des Fahrzeugs und den Entstehungsproze\u00df.(die Seite ist noch in Arbeit) Kauf des neuen Fahrgestells, MAN TGM 13.290 BB 4&#215;4Das Fahrzeug stand mit Vollausstattung und der werksseitigen 14.00 R 20 Bereifung bei einem H\u00e4ndler und nach einer Probefahrt war`s um uns geschehen und wir haben JA gesagt. Ballastierung f\u00fcr [&hellip;]<\/p>\n","protected":false},"author":1,"featured_media":0,"parent":0,"menu_order":0,"comment_status":"closed","ping_status":"closed","template":"","meta":{"footnotes":""},"_links":{"self":[{"href":"http:\/\/trucktravels.de\/index.php?rest_route=\/wp\/v2\/pages\/22"}],"collection":[{"href":"http:\/\/trucktravels.de\/index.php?rest_route=\/wp\/v2\/pages"}],"about":[{"href":"http:\/\/trucktravels.de\/index.php?rest_route=\/wp\/v2\/types\/page"}],"author":[{"embeddable":true,"href":"http:\/\/trucktravels.de\/index.php?rest_route=\/wp\/v2\/users\/1"}],"replies":[{"embeddable":true,"href":"http:\/\/trucktravels.de\/index.php?rest_route=%2Fwp%2Fv2%2Fcomments&post=22"}],"version-history":[{"count":11,"href":"http:\/\/trucktravels.de\/index.php?rest_route=\/wp\/v2\/pages\/22\/revisions"}],"predecessor-version":[{"id":146,"href":"http:\/\/trucktravels.de\/index.php?rest_route=\/wp\/v2\/pages\/22\/revisions\/146"}],"wp:attachment":[{"href":"http:\/\/trucktravels.de\/index.php?rest_route=%2Fwp%2Fv2%2Fmedia&parent=22"}],"curies":[{"name":"wp","href":"https:\/\/api.w.org\/{rel}","templated":true}]}}